{"id":405,"date":"2018-12-13T05:43:57","date_gmt":"2018-12-13T05:43:57","guid":{"rendered":"https:\/\/massagevia.com\/?page_id=405"},"modified":"2025-12-07T01:48:21","modified_gmt":"2025-12-07T01:48:21","slug":"kursiasana","status":"publish","type":"page","link":"https:\/\/massagevia.com\/?page_id=405","title":{"rendered":"Massagem Desportiva"},"content":{"rendered":"\n<p>Perfeita para quem treina, esta massagem atua profundamente nos m\u00fasculos, eliminando tens\u00f5es e acelerando a recupera\u00e7\u00e3o f\u00edsica.<br>Cada t\u00e9cnica \u00e9 aplicada com precis\u00e3o para melhorar desempenho, prevenir les\u00f5es e aumentar a flexibilidade.<br>Sente dores, cansa\u00e7o ou rigidez? Em poucos minutos, a diferen\u00e7a \u00e9 clara e o corpo responde com mais for\u00e7a e leveza.<br>Ideal antes ou depois do treino, garantindo mais energia, maior resist\u00eancia e movimentos renovados.<br>Cuide do seu corpo como um atleta: recupere mais r\u00e1pido, renda mais e sinta-se no seu melhor todos os dias.<\/p>\n","protected":false},"excerpt":{"rendered":"<p>Perfeita para quem treina, esta massagem atua profundamente nos m\u00fasculos, eliminando tens\u00f5es e acelerando a recupera\u00e7\u00e3o f\u00edsica.Cada t\u00e9cnica \u00e9 aplicada com precis\u00e3o para melhorar desempenho, prevenir les\u00f5es e aumentar a &hellip; <\/p>\n","protected":false},"author":1,"featured_media":1245,"parent":0,"menu_order":0,"comment_status":"closed","ping_status":"closed","template":"","meta":{"googlesitekit_rrm_CAowys7EDA:productID":"","footnotes":""},"class_list":["post-405","page","type-page","status-publish","has-post-thumbnail","hentry","latest_post"],"yoast_head":"<!-- This site is optimized with the Yoast SEO plugin v27.1.1 - https:\/\/yoast.com\/product\/yoast-seo-wordpress\/ -->\n<title>Massagem em Lisboa \u2013 Relaxamento e Terapia Profissional | Massage Via<\/title>\n<meta name=\"description\" content=\"Massagens profissionais em Lisboa \u2014 relaxantes, terap\u00eauticas e acess\u00edveis. Agende hoje e sinta a diferen\u00e7a no seu bem-estar\" \/>\n<meta name=\"robots\" content=\"index, follow, max-snippet:-1, max-image-preview:large, max-video-preview:-1\" \/>\n<link rel=\"canonical\" href=\"https:\/\/massagevia.com\/?page_id=405\" \/>\n<meta property=\"og:locale\" content=\"en_US\" \/>\n<meta property=\"og:type\" content=\"article\" \/>\n<meta property=\"og:title\" content=\"Massagem em Lisboa \u2013 Relaxamento e Terapia Profissional | Massage Via\" \/>\n<meta property=\"og:description\" content=\"Massagens profissionais em Lisboa \u2014 relaxantes, terap\u00eauticas e acess\u00edveis. Agende hoje e sinta a diferen\u00e7a no seu bem-estar\" \/>\n<meta property=\"og:url\" content=\"https:\/\/massagevia.com\/?page_id=405\" \/>\n<meta property=\"og:site_name\" content=\"Massagem em Lisboa \u2013 Relaxamento e Terapia Profissional | Massage Via\" \/>\n<meta property=\"article:modified_time\" content=\"2025-12-07T01:48:21+00:00\" \/>\n<meta property=\"og:image\" content=\"https:\/\/massagevia.com\/wp-content\/uploads\/2025\/12\/Google_AI_Studio_2025-12-07T01_36_06.595Z.png\" \/>\n\t<meta property=\"og:image:width\" content=\"1024\" \/>\n\t<meta property=\"og:image:height\" content=\"1024\" \/>\n\t<meta property=\"og:image:type\" content=\"image\/png\" \/>\n<meta name=\"twitter:card\" content=\"summary_large_image\" \/>\n<meta name=\"twitter:label1\" content=\"Est. reading time\" \/>\n\t<meta name=\"twitter:data1\" content=\"1 minute\" \/>\n<script type=\"application\/ld+json\" class=\"yoast-schema-graph\">{\"@context\":\"https:\/\/schema.org\",\"@graph\":[{\"@type\":\"WebPage\",\"@id\":\"https:\/\/massagevia.com\/?page_id=405\",\"url\":\"https:\/\/massagevia.com\/?page_id=405\",\"name\":\"Massagem em Lisboa \u2013 Relaxamento e Terapia Profissional | Massage Via\",\"isPartOf\":{\"@id\":\"http:\/\/massagevia.com\/#website\"},\"primaryImageOfPage\":{\"@id\":\"https:\/\/massagevia.com\/?page_id=405#primaryimage\"},\"image\":{\"@id\":\"https:\/\/massagevia.com\/?page_id=405#primaryimage\"},\"thumbnailUrl\":\"https:\/\/massagevia.com\/wp-content\/uploads\/2025\/12\/Google_AI_Studio_2025-12-07T01_36_06.595Z.png\",\"datePublished\":\"2018-12-13T05:43:57+00:00\",\"dateModified\":\"2025-12-07T01:48:21+00:00\",\"description\":\"Massagens profissionais em Lisboa \u2014 relaxantes, terap\u00eauticas e acess\u00edveis. Agende hoje e sinta a diferen\u00e7a no seu bem-estar\",\"breadcrumb\":{\"@id\":\"https:\/\/massagevia.com\/?page_id=405#breadcrumb\"},\"inLanguage\":\"en-US\",\"potentialAction\":[{\"@type\":\"ReadAction\",\"target\":[\"https:\/\/massagevia.com\/?page_id=405\"]}]},{\"@type\":\"ImageObject\",\"inLanguage\":\"en-US\",\"@id\":\"https:\/\/massagevia.com\/?page_id=405#primaryimage\",\"url\":\"https:\/\/massagevia.com\/wp-content\/uploads\/2025\/12\/Google_AI_Studio_2025-12-07T01_36_06.595Z.png\",\"contentUrl\":\"https:\/\/massagevia.com\/wp-content\/uploads\/2025\/12\/Google_AI_Studio_2025-12-07T01_36_06.595Z.png\",\"width\":1024,\"height\":1024},{\"@type\":\"BreadcrumbList\",\"@id\":\"https:\/\/massagevia.com\/?page_id=405#breadcrumb\",\"itemListElement\":[{\"@type\":\"ListItem\",\"position\":1,\"name\":\"Home\",\"item\":\"https:\/\/massagevia.com\/\"},{\"@type\":\"ListItem\",\"position\":2,\"name\":\"Massagem Desportiva\"}]},{\"@type\":\"WebSite\",\"@id\":\"http:\/\/massagevia.com\/#website\",\"url\":\"http:\/\/massagevia.com\/\",\"name\":\"Massage Via Lisboa\",\"description\":\"\",\"alternateName\":\"Massage Via Lisbon\",\"potentialAction\":[{\"@type\":\"SearchAction\",\"target\":{\"@type\":\"EntryPoint\",\"urlTemplate\":\"http:\/\/massagevia.com\/?s={search_term_string}\"},\"query-input\":{\"@type\":\"PropertyValueSpecification\",\"valueRequired\":true,\"valueName\":\"search_term_string\"}}],\"inLanguage\":\"en-US\"}]}<\/script>\n<!-- \/ Yoast SEO plugin. -->","yoast_head_json":{"title":"Massagem em Lisboa \u2013 Relaxamento e Terapia Profissional | Massage Via","description":"Massagens profissionais em Lisboa \u2014 relaxantes, terap\u00eauticas e acess\u00edveis. Agende hoje e sinta a diferen\u00e7a no seu bem-estar","robots":{"index":"index","follow":"follow","max-snippet":"max-snippet:-1","max-image-preview":"max-image-preview:large","max-video-preview":"max-video-preview:-1"},"canonical":"https:\/\/massagevia.com\/?page_id=405","og_locale":"en_US","og_type":"article","og_title":"Massagem em Lisboa \u2013 Relaxamento e Terapia Profissional | Massage Via","og_description":"Massagens profissionais em Lisboa \u2014 relaxantes, terap\u00eauticas e acess\u00edveis. Agende hoje e sinta a diferen\u00e7a no seu bem-estar","og_url":"https:\/\/massagevia.com\/?page_id=405","og_site_name":"Massagem em Lisboa \u2013 Relaxamento e Terapia Profissional | Massage Via","article_modified_time":"2025-12-07T01:48:21+00:00","og_image":[{"width":1024,"height":1024,"url":"https:\/\/massagevia.com\/wp-content\/uploads\/2025\/12\/Google_AI_Studio_2025-12-07T01_36_06.595Z.png","type":"image\/png"}],"twitter_card":"summary_large_image","twitter_misc":{"Est. reading time":"1 minute"},"schema":{"@context":"https:\/\/schema.org","@graph":[{"@type":"WebPage","@id":"https:\/\/massagevia.com\/?page_id=405","url":"https:\/\/massagevia.com\/?page_id=405","name":"Massagem em Lisboa \u2013 Relaxamento e Terapia Profissional | Massage Via","isPartOf":{"@id":"http:\/\/massagevia.com\/#website"},"primaryImageOfPage":{"@id":"https:\/\/massagevia.com\/?page_id=405#primaryimage"},"image":{"@id":"https:\/\/massagevia.com\/?page_id=405#primaryimage"},"thumbnailUrl":"https:\/\/massagevia.com\/wp-content\/uploads\/2025\/12\/Google_AI_Studio_2025-12-07T01_36_06.595Z.png","datePublished":"2018-12-13T05:43:57+00:00","dateModified":"2025-12-07T01:48:21+00:00","description":"Massagens profissionais em Lisboa \u2014 relaxantes, terap\u00eauticas e acess\u00edveis. Agende hoje e sinta a diferen\u00e7a no seu bem-estar","breadcrumb":{"@id":"https:\/\/massagevia.com\/?page_id=405#breadcrumb"},"inLanguage":"en-US","potentialAction":[{"@type":"ReadAction","target":["https:\/\/massagevia.com\/?page_id=405"]}]},{"@type":"ImageObject","inLanguage":"en-US","@id":"https:\/\/massagevia.com\/?page_id=405#primaryimage","url":"https:\/\/massagevia.com\/wp-content\/uploads\/2025\/12\/Google_AI_Studio_2025-12-07T01_36_06.595Z.png","contentUrl":"https:\/\/massagevia.com\/wp-content\/uploads\/2025\/12\/Google_AI_Studio_2025-12-07T01_36_06.595Z.png","width":1024,"height":1024},{"@type":"BreadcrumbList","@id":"https:\/\/massagevia.com\/?page_id=405#breadcrumb","itemListElement":[{"@type":"ListItem","position":1,"name":"Home","item":"https:\/\/massagevia.com\/"},{"@type":"ListItem","position":2,"name":"Massagem Desportiva"}]},{"@type":"WebSite","@id":"http:\/\/massagevia.com\/#website","url":"http:\/\/massagevia.com\/","name":"Massage Via Lisboa","description":"","alternateName":"Massage Via Lisbon","potentialAction":[{"@type":"SearchAction","target":{"@type":"EntryPoint","urlTemplate":"http:\/\/massagevia.com\/?s={search_term_string}"},"query-input":{"@type":"PropertyValueSpecification","valueRequired":true,"valueName":"search_term_string"}}],"inLanguage":"en-US"}]}},"brizy_media":[],"_links":{"self":[{"href":"https:\/\/massagevia.com\/index.php?rest_route=\/wp\/v2\/pages\/405","targetHints":{"allow":["GET"]}}],"collection":[{"href":"https:\/\/massagevia.com\/index.php?rest_route=\/wp\/v2\/pages"}],"about":[{"href":"https:\/\/massagevia.com\/index.php?rest_route=\/wp\/v2\/types\/page"}],"author":[{"embeddable":true,"href":"https:\/\/massagevia.com\/index.php?rest_route=\/wp\/v2\/users\/1"}],"replies":[{"embeddable":true,"href":"https:\/\/massagevia.com\/index.php?rest_route=%2Fwp%2Fv2%2Fcomments&post=405"}],"version-history":[{"count":1,"href":"https:\/\/massagevia.com\/index.php?rest_route=\/wp\/v2\/pages\/405\/revisions"}],"predecessor-version":[{"id":1188,"href":"https:\/\/massagevia.com\/index.php?rest_route=\/wp\/v2\/pages\/405\/revisions\/1188"}],"wp:featuredmedia":[{"embeddable":true,"href":"https:\/\/massagevia.com\/index.php?rest_route=\/wp\/v2\/media\/1245"}],"wp:attachment":[{"href":"https:\/\/massagevia.com\/index.php?rest_route=%2Fwp%2Fv2%2Fmedia&parent=405"}],"curies":[{"name":"wp","href":"https:\/\/api.w.org\/{rel}","templated":true}]}}